{"id":8101,"date":"2018-07-03T17:26:46","date_gmt":"2018-07-03T15:26:46","guid":{"rendered":"https:\/\/www.machinisme-actualites.com\/wpfr\/?page_id=8101"},"modified":"2018-07-03T17:26:46","modified_gmt":"2018-07-03T15:26:46","slug":"cnil","status":"publish","type":"page","link":"https:\/\/www.machinisme-actualites.com\/wpfr\/cnil\/","title":{"rendered":"CNIL"},"content":{"rendered":"<p>Les cookies nous permettent de personnaliser le contenu et les annonces pr\u00e9sentes sur notre site, d&rsquo;offrir des fonctionnalit\u00e9s relatives aux r\u00e9seaux et m\u00e9dias sociaux et d&rsquo;analyser notre trafic. Nous partageons \u00e9galement des informations sur l&rsquo;utilisation de notre site avec nos partenaires de m\u00e9dias sociaux, de publicit\u00e9 et d&rsquo;analyse.<\/p>\n<p>I &#8211; Pourquoi des cookies ?<\/p>\n<p>Seul l&rsquo;\u00e9metteur d&rsquo;un cookie est susceptible de lire ou de modifier des informations qui y sont contenues.<br \/>\nDes cookies sont susceptibles :<\/p>\n<p>d&rsquo;\u00eatre inclus dans les espaces publicitaires de notre site<br \/>\nd&rsquo;\u00eatre inclus dans les boutons de partage sur les r\u00e9seaux sociaux<br \/>\nde nous permettre de r\u00e9aliser des statistiques de visites de notre site<\/p>\n<p>Les espaces publicitaires affichent sur votre terminal des contenus publicitaires \u00e9manant d&rsquo;annonceurs. Ces espaces contribuent au financement des contenus et des services que nous mettons \u00e0 votre disposition.<\/p>\n<p>A &#8211; A quoi servent les cookies ?<\/p>\n<p>Lorsque vous vous connectez \u00e0 notre site et sous r\u00e9serve de vos choix r\u00e9sultant des param\u00e8tres de votre logiciel de navigation utilis\u00e9 lors de votre visite de notre site, nous pouvons \u00eatre amen\u00e9s \u00e0 installer divers cookies dans votre terminal nous permettant de reconna\u00eetre le navigateur de votre terminal pendant la dur\u00e9e de validit\u00e9 du cookie concern\u00e9.<\/p>\n<p>Les Cookies que nous \u00e9mettons nous permettent :<\/p>\n<p>d&rsquo;\u00e9tablir des statistiques et des volumes de fr\u00e9quentation et d&rsquo;utilisation des divers \u00e9l\u00e9ments composant notre site (rubriques et contenus visit\u00e9s, parcours, etc.), nous permettant d&rsquo;am\u00e9liorer l&rsquo;int\u00e9r\u00eat et l&rsquo;ergonomie de nos services ;<br \/>\nd&rsquo;adapter la pr\u00e9sentation de notre site aux pr\u00e9f\u00e9rences d&rsquo;affichage de votre terminal web ou mobile (r\u00e9solution d&rsquo;affichage, syst\u00e8me d&rsquo;exploitation utilis\u00e9, etc) lors de vos visites sur notre site ;<br \/>\nde m\u00e9moriser des informations relatives \u00e0 un formulaire que vous avez rempli sur notre site (acc\u00e8s \u00e0 votre compte et\/ou \u00e0 votre abonnement) ;<br \/>\nde vous permettre d&rsquo;acc\u00e9der \u00e0 des espaces r\u00e9serv\u00e9s et personnels de notre site, tels que votre compte et\/ou votre abonnement, gr\u00e2ce \u00e0 des identifiants ou des donn\u00e9es que vous nous avez \u00e9ventuellement ant\u00e9rieurement confi\u00e9s ;<br \/>\nde mettre en \u0153uvre des mesures de s\u00e9curit\u00e9, par exemple lorsqu\u2019il vous est demand\u00e9 de vous connecter \u00e0 nouveau \u00e0 un contenu ou \u00e0 un service apr\u00e8s un certain laps de temps.<\/p>\n<p>B &#8211; A quoi servent les cookies \u00e9mis sur notre site par des tiers ?<\/p>\n<p>L&rsquo;\u00e9mission et l&rsquo;utilisation de cookies par des tiers sont soumises aux politiques de protection de la vie priv\u00e9e de ces tiers. Nous vous informons de l&rsquo;objet des cookies dont nous avons connaissance et des moyens dont vous disposez pour effectuer des choix \u00e0 l&rsquo;\u00e9gard de ces cookies.<\/p>\n<p>B.1 &#8211; Emission de cookies sur notre site par des tiers du fait d&rsquo;applications tierces int\u00e9gr\u00e9es \u00e0 notre site<\/p>\n<p>Nous sommes susceptibles d&rsquo;inclure sur notre site, des applications informatiques \u00e9manant de tiers, qui vous permettent de partager des contenus de notre site avec d&rsquo;autres personnes ou de faire conna\u00eetre \u00e0 ces autres personnes votre consultation ou votre opinion concernant un contenu de notre site. Tel est notamment le cas des boutons \u00ab Partager \u00bb, \u00ab Recommander \u00bb, \u00ab Tweeter \u00bb etc issus de r\u00e9seaux sociaux tels que \u00ab Facebook \u00bb, \u00ab Twitter \u00bb, \u00ab LinkedIn \u00bb, \u00ab Viadeo \u00bb, \u00ab Google + \u00bb.<\/p>\n<p>Le r\u00e9seau social fournissant un tel bouton applicatif est susceptible de vous identifier gr\u00e2ce \u00e0 ce bouton, m\u00eame si vous n&rsquo;avez pas utilis\u00e9 ce bouton lors de votre consultation de notre site. En effet, ce type de bouton applicatif peut permettre au r\u00e9seau social concern\u00e9 de suivre votre navigation sur notre site, du seul fait que votre compte au r\u00e9seau social concern\u00e9 \u00e9tait activ\u00e9 sur votre terminal (session ouverte) durant votre navigation sur notre site.<\/p>\n<p>Nous n&rsquo;avons aucun contr\u00f4le sur le processus employ\u00e9 par les r\u00e9seaux sociaux pour collecter des informations relatives \u00e0 votre navigation sur notre site et associ\u00e9es aux donn\u00e9es personnelles dont ils disposent. Nous vous invitons \u00e0 consulter les politiques de protection de la vie priv\u00e9e de ces r\u00e9seaux sociaux afin de prendre connaissance des finalit\u00e9s d&rsquo;utilisation, notamment publicitaires, des informations de navigation qu&rsquo;ils peuvent recueillir gr\u00e2ce \u00e0 ces boutons applicatifs. Ces politiques de protection doivent notamment vous permettre d&rsquo;exercer vos choix aupr\u00e8s de ces r\u00e9seaux sociaux, notamment en param\u00e9trant vos comptes d&rsquo;utilisation de chacun de ces r\u00e9seaux.<\/p>\n<p>B.2 &#8211; Emission de cookies via des contenus de tiers diffus\u00e9s dans nos espaces publicitaires<\/p>\n<p>Les contenus publicitaires (graphismes, animations, vid\u00e9os, etc) diffus\u00e9s dans nos espaces publicitaires sont susceptibles de contenir des cookies \u00e9mis par des tiers : soit l&rsquo;annonceur \u00e0 l&rsquo;origine du contenu publicitaire concern\u00e9, soit une soci\u00e9t\u00e9 tierce \u00e0 l&rsquo;annonceur (agence conseil en communication, soci\u00e9t\u00e9 de mesure d&rsquo;audience, prestataire de publicit\u00e9 cibl\u00e9e, etc.), qui a associ\u00e9 un cookie au contenu publicitaire d&rsquo;un annonceur.<\/p>\n<p>Le cas \u00e9ch\u00e9ant, les cookies \u00e9mis par ces tiers peuvent leur permettre, pendant la dur\u00e9e de validit\u00e9 de ces cookies :<\/p>\n<p>de comptabiliser le nombre d&rsquo;affichages des contenus publicitaires diffus\u00e9s via nos espaces publicitaires, d&rsquo;identifier les publicit\u00e9s ainsi affich\u00e9es, le nombre d&rsquo;utilisateurs ayant cliqu\u00e9 sur chaque publicit\u00e9, leur permettant de calculer les sommes dues de ce fait et d&rsquo;\u00e9tablir des statistiques ;<br \/>\nde reconna\u00eetre votre terminal lors de sa navigation ult\u00e9rieure sur tout autre site ou service sur lequel ces annonceurs ou ces tiers \u00e9mettent \u00e9galement des cookies et, le cas \u00e9ch\u00e9ant, d&rsquo;adapter ces sites et services tiers ou les publicit\u00e9s qu&rsquo;ils diffusent \u00e0 la navigation de votre terminal dont ils peuvent avoir connaissance.<\/p>\n<p>II &#8211; Les choix \u00e0 votre disposition concernant les cookies<\/p>\n<p>Plusieurs possibilit\u00e9s vous sont offertes pour g\u00e9rer les cookies. Tout param\u00e9trage que vous pouvez entreprendre sera susceptible de modifier votre navigation sur notre site et sur Internet en g\u00e9n\u00e9ral. Et vos conditions d&rsquo;acc\u00e8s \u00e0 certains services de notre site n\u00e9cessitant l&rsquo;utilisation de cookies.<\/p>\n<p>Vous pouvez \u00e0 tout moment exprimer et modifier vos souhaits en mati\u00e8re de cookies, par les moyens d\u00e9crits ci-dessous.<\/p>\n<p>A &#8211; Les choix qui vous sont offerts par votre logiciel de navigation<\/p>\n<p>Vous pouvez configurer votre logiciel de navigation de mani\u00e8re \u00e0 ce que des cookies soient enregistr\u00e9s dans votre terminal ou, au contraire, qu&rsquo;ils soient rejet\u00e9s, soit syst\u00e9matiquement, soit selon leur \u00e9metteur. Vous pouvez \u00e9galement configurer votre logiciel de navigation de mani\u00e8re \u00e0 ce que l&rsquo;acceptation ou le refus des cookies vous soient propos\u00e9s ponctuellement, avant qu&rsquo;un cookie soit susceptible d&rsquo;\u00eatre enregistr\u00e9 dans votre terminal.<\/p>\n<p>A.1 &#8211; L\u2019accord sur les cookies<\/p>\n<p>L\u2019enregistrement d\u2019un cookie dans un terminal est essentiellement subordonn\u00e9 \u00e0 la volont\u00e9 de l\u2019utilisateur du terminal, que celui-ci peut exprimer et modifier \u00e0 tout moment et gratuitement \u00e0 travers les choix qui lui sont offerts par son logiciel de navigation.<\/p>\n<p>Si vous avez accept\u00e9 dans votre logiciel de navigation l\u2019enregistrement de cookies dans votre terminal, les cookies int\u00e9gr\u00e9s dans les pages et contenus que vous avez consult\u00e9s pourront \u00eatre stock\u00e9s temporairement dans un espace d\u00e9di\u00e9 de votre terminal. Ils y seront lisibles uniquement par leur \u00e9metteur.<\/p>\n<p>A.2 &#8211; Le refus des cookies<\/p>\n<p>Si vous refusez l&rsquo;enregistrement de cookies dans votre terminal, ou si vous supprimez ceux qui y sont enregistr\u00e9s, vous ne pourrez plus b\u00e9n\u00e9ficier d&rsquo;un certain nombre de fonctionnalit\u00e9s qui sont n\u00e9anmoins n\u00e9cessaires pour naviguer dans certains espaces de notre site. Tel serait le cas si vous tentiez d&rsquo;acc\u00e9der \u00e0 votre compte ou \u00e0 votre abonnement qui n\u00e9cessitent de vous identifier. Tel serait \u00e9galement le cas lorsque nous, ou nos prestataires, ne pourrions pas reconna\u00eetre, \u00e0 des fins de compatibilit\u00e9 technique, le type de navigateur utilis\u00e9 par votre terminal, ses param\u00e8tres de langue et d&rsquo;affichage ou le pays depuis lequel votre terminal semble connect\u00e9 \u00e0 Internet.<\/p>\n<p>Le cas \u00e9ch\u00e9ant, nous d\u00e9clinons toute responsabilit\u00e9 pour les cons\u00e9quences li\u00e9es au fonctionnement d\u00e9grad\u00e9 de nos services r\u00e9sultant de l&rsquo;impossibilit\u00e9 pour nous d&rsquo;enregistrer ou de consulter les cookies n\u00e9cessaires \u00e0 leur fonctionnement et que vous auriez refus\u00e9s ou supprim\u00e9s.<\/p>\n<p>A.3 &#8211; Comment exercer vos choix, selon le navigateur que vous utilisez ?<\/p>\n<p>Pour la gestion des cookies et de vos choix, la configuration de chaque navigateur est diff\u00e9rente. Elle est d\u00e9crite dans le menu d&rsquo;aide de votre navigateur, qui vous permettra de savoir de quelle mani\u00e8re modifier vos souhaits en mati\u00e8re de cookies.<\/p>\n<p>B &#8211; Plus d\u2019informations sur les cookies avec la CNIL<\/p>\n<p>Afin de compl\u00e9ter les informations pr\u00e9sentes sur cette page concernant les cookies, nous vous invitons \u00e9galement \u00e0 consulter les pages indiqu\u00e9es ci-dessous.<\/p>\n<p>B.1 &#8211; La vid\u00e9o de la CNIL sur les cookies<\/p>\n<p>La CNIL (Commission Nationale Informatique et Libert\u00e9s) a r\u00e9alis\u00e9 une vid\u00e9o pour tout savoir sur les cookies. La vid\u00e9o est accessible ici : http:\/\/www.cnil.fr\/vos-droits\/vos-traces\/les-cookies\/#c5554<\/p>\n<p>B.2 &#8211; Les conseils de la CNIL pour limiter vos traces sur le web<\/p>\n<p>Pour vous guider dans la d\u00e9marche de limiter vos traces sur le web, si vous le souhaitez, et en ayant conscience que cela pourra d\u00e9grader votre navigation sur notre site et l\u2019acc\u00e8s \u00e0 nos services et\/ou \u00e0 votre abonnement, nous vous invitons \u00e0 consulter la page suivante : http:\/\/www.cnil.fr\/vos-droits\/vos-traces\/les-cookies\/conseils-aux-internautes\/<\/p>\n<p>B.3 &#8211; Un logiciel pour visualiser en temps r\u00e9el les cookies lors de votre navigation<\/p>\n<p>La CNIL met \u00e0 disposition de tous un outil de visualisation qui identifie en temps r\u00e9el les cookies qui transmettent des informations vous concernant \u00e0 d&rsquo;autres sites. Ce logiciel est t\u00e9l\u00e9chargeable ici : http:\/\/www.cnil.fr\/vos-droits\/vos-traces\/les-cookies\/telechargez-cookieviz\/<\/p>\n<p>III &#8211; A quoi servent les cookies accompagnant bis contenus publicitaires diffus\u00e9s par les tiers ?<\/p>\n<p>Lorsque vous acc\u00e9dez \u00e0 un site contenant des espaces publicitaires diffusant une de nos annonces publicitaires, cette annonce est susceptible de contenir un cookie. Ce cookie est susceptible, sous r\u00e9serve de vos choix, d&rsquo;\u00eatre enregistr\u00e9 dans votre terminal et de nous permettre de reconna\u00eetre le navigateur de votre terminal pendant la dur\u00e9e de validit\u00e9 du cookie concern\u00e9.<\/p>\n<p>Sous r\u00e9serve de vos choix, qui r\u00e9sultent des param\u00e8tres de votre logiciel de navigation utilis\u00e9 lors de votre visite de notre site et que vous pouvez exprimer \u00e0 tout moment, les cookies que nous \u00e9mettons nous permettent :<\/p>\n<p>de comptabiliser le nombre d&rsquo;affichages et d&rsquo;activations de nos contenus publicitaires diffus\u00e9s sur des sites\/applications de tiers, d&rsquo;identifier ces contenus et ces sites\/applications, de d\u00e9terminer le nombre d&rsquo;utilisateurs ayant cliqu\u00e9 sur chaque contenu ;<br \/>\nde calculer les sommes dues aux acteurs de la cha\u00eene de diffusion publicitaire (agence de communication, r\u00e9gie publicitaire, site\/support de diffusion) et d&rsquo;\u00e9tablir des statistiques ;<br \/>\nd&rsquo;adapter la pr\u00e9sentation du site auquel m\u00e8ne un de nos contenus publicitaires, selon les pr\u00e9f\u00e9rences d&rsquo;affichage de votre terminal (langue utilis\u00e9e, r\u00e9solution d&rsquo;affichage, syst\u00e8me d&rsquo;exploitation utilis\u00e9, etc) lors de vos visites sur notre site et selon les mat\u00e9riels et les logiciels de visualisation ou de lecture que votre terminal comporte, ainsi que selon les donn\u00e9es de localisation (longitude et latitude) qui nous sont transmises (ou \u00e0 nos prestataires) par votre terminal avec votre accord pr\u00e9alable ;<br \/>\nde suivre la navigation ult\u00e9rieure effectu\u00e9e par votre terminal sur des sites\/applications ou sur d&rsquo;autres contenus publicitaires.<\/p>\n<p>IV &#8211; Quel est l&rsquo;int\u00e9r\u00eat de voir s&rsquo;afficher des publicit\u00e9s adapt\u00e9es \u00e0 votre navigation ?<\/p>\n<p>Notre objectif est de vous pr\u00e9senter les publicit\u00e9s les plus pertinentes possibles. A cette fin, la technologie des cookies permet de d\u00e9terminer en temps r\u00e9el quelle publicit\u00e9 afficher sur un terminal, en fonction de sa navigation r\u00e9cente sur un ou plusieurs sites ou applications.<\/p>\n<p>Votre int\u00e9r\u00eat pour les contenus publicitaires qui sont affich\u00e9s sur votre terminal lorsque vous consultez un site d\u00e9termine souvent les ressources publicitaires de celui-ci, lui permettant d&rsquo;exploiter ses services, souvent fournis aux utilisateurs \u00e0 titre gratuit. Vous pr\u00e9f\u00e9rez sans doute voir s&rsquo;afficher des publicit\u00e9s qui correspondent \u00e0 ce qui vous int\u00e9resse plut\u00f4t que les publicit\u00e9s qui n&rsquo;ont aucun int\u00e9r\u00eat pour vous. De m\u00eame, les annonceurs qui souhaitent voir leurs publicit\u00e9s diffus\u00e9es, sont int\u00e9ress\u00e9s par l&rsquo;affichage de leurs offres aupr\u00e8s d&rsquo;utilisateurs susceptibles d&rsquo;\u00eatre les plus int\u00e9ress\u00e9s par celles-ci.<\/p>\n<p>V &#8211; Si vous partagez l&rsquo;utilisation de votre terminal avec d&rsquo;autres personnes<\/p>\n<p>Si votre terminal est utilis\u00e9 par plusieurs personnes et lorsqu\u2019un m\u00eame terminal dispose de plusieurs logiciels de navigation, nous ne pouvons pas nous assurer de mani\u00e8re certaine que les services et publicit\u00e9s destin\u00e9s \u00e0 votre terminal correspondent bien \u00e0 votre propre utilisation de ce terminal et non \u00e0 celle d&rsquo;un autre utilisateur de ce terminal.<\/p>\n<p>Le cas \u00e9ch\u00e9ant, le partage avec d\u2019autres personnes de l\u2019utilisation de votre terminal et la configuration des param\u00e8tres de votre navigateur \u00e0 l&rsquo;\u00e9gard des cookies rel\u00e8vent de votre libre choix et de votre responsabilit\u00e9.<\/p>\n<p>VI &#8211; Donn\u00e9es personnelles et informations de navigation<\/p>\n<p>Nous sommes susceptibles d&rsquo;adapter les offres et publicit\u00e9s qui vous sont destin\u00e9es \u00e0 des informations relatives \u00e0 la navigation de votre terminal sur notre site ou au sein de sites ou de services \u00e9dit\u00e9s par des tiers et sur lesquels nous \u00e9mettons des cookies.<\/p>\n<p>Dans la mesure o\u00f9 vous nous avez fourni des donn\u00e9es personnelles vous concernant, notamment vos coordonn\u00e9es \u00e9lectroniques, lors de votre inscription, votre abonnement ou de votre acc\u00e8s \u00e0 notre site, nous sommes susceptibles, sous r\u00e9serve de vos choix, d&rsquo;associer des informations de navigation relatives \u00e0 votre terminal, trait\u00e9es par les cookies que nous \u00e9mettons, avec vos donn\u00e9es personnelles, afin de vous adresser des prospections \u00e9lectroniques ou d&rsquo;afficher sur votre terminal, au sein d&rsquo;espaces publicitaires contenant des cookies que nous \u00e9mettons, des publicit\u00e9s personnalis\u00e9es qui vous sont sp\u00e9cifiquement destin\u00e9es et susceptibles de vous int\u00e9resser personnellement.<\/p>\n<p>Vous pourrez, \u00e0 tout moment, nous demander de ne plus recevoir de publicit\u00e9s ou de prospections adapt\u00e9es aux informations de navigation de votre terminal, en nous contactant directement et gratuitement, ou au moyen du lien de d\u00e9sinscription inclus dans toute prospection que nous serions susceptible de vous adresser par courrier \u00e9lectronique . Le cas \u00e9ch\u00e9ant les publicit\u00e9s que vous pourriez continuer \u00e0 recevoir, sauf opposition de votre part exerc\u00e9e aupr\u00e8s de nous, ne seront plus adapt\u00e9es \u00e0 la navigation de votre terminal.<\/p>\n<p>Par ailleurs, dans l&rsquo;hypoth\u00e8se o\u00f9 nous envisagerions d&rsquo;obtenir aupr\u00e8s d&rsquo;un tiers (prestataire de publicit\u00e9 cibl\u00e9e, r\u00e9gie publicitaire, etc.), des informations de navigation de votre terminal que nous pourrions associer aux donn\u00e9es personnelles que vous nous avez fournies, nous solliciterions pr\u00e9alablement votre accord explicite avant de proc\u00e9der \u00e0 une telle association et de vous adresser des publicit\u00e9s ou des prospections qui en r\u00e9sulteraient.<\/p>\n","protected":false},"excerpt":{"rendered":"<p>Les cookies nous permettent de personnaliser le contenu et les annonces pr\u00e9sentes sur notre site, d&rsquo;offrir des fonctionnalit\u00e9s relatives aux r\u00e9seaux et m\u00e9dias sociaux et d&rsquo;analyser notre trafic. Nous partageons \u00e9galement des informations sur l&rsquo;utilisation de notre site avec nos partenaires de m\u00e9dias sociaux, de publicit\u00e9 et d&rsquo;analyse. I &#8211; Pourquoi des cookies ? Seul&hellip;<\/p>\n","protected":false},"author":659892,"featured_media":0,"parent":0,"menu_order":0,"comment_status":"closed","ping_status":"closed","template":"","meta":{"pmpro_default_level":"","footnotes":""},"class_list":["post-8101","page","type-page","status-publish","hentry","pmpro-has-access","page-entry","span_1_of_2","masonry-entry","col-","loop-entry col clr"],"_links":{"self":[{"href":"https:\/\/www.machinisme-actualites.com\/wpfr\/wp-json\/wp\/v2\/pages\/8101","targetHints":{"allow":["GET"]}}],"collection":[{"href":"https:\/\/www.machinisme-actualites.com\/wpfr\/wp-json\/wp\/v2\/pages"}],"about":[{"href":"https:\/\/www.machinisme-actualites.com\/wpfr\/wp-json\/wp\/v2\/types\/page"}],"author":[{"embeddable":true,"href":"https:\/\/www.machinisme-actualites.com\/wpfr\/wp-json\/wp\/v2\/users\/659892"}],"replies":[{"embeddable":true,"href":"https:\/\/www.machinisme-actualites.com\/wpfr\/wp-json\/wp\/v2\/comments?post=8101"}],"version-history":[{"count":1,"href":"https:\/\/www.machinisme-actualites.com\/wpfr\/wp-json\/wp\/v2\/pages\/8101\/revisions"}],"predecessor-version":[{"id":8102,"href":"https:\/\/www.machinisme-actualites.com\/wpfr\/wp-json\/wp\/v2\/pages\/8101\/revisions\/8102"}],"wp:attachment":[{"href":"https:\/\/www.machinisme-actualites.com\/wpfr\/wp-json\/wp\/v2\/media?parent=8101"}],"curies":[{"name":"wp","href":"https:\/\/api.w.org\/{rel}","templated":true}]}}